{"id":19,"date":"2020-06-18T11:11:19","date_gmt":"2020-06-18T11:11:19","guid":{"rendered":"http:\/\/wp.ra-zimmermann.info\/?page_id=19"},"modified":"2023-07-03T20:36:08","modified_gmt":"2023-07-03T20:36:08","slug":"rechtsgebiete","status":"publish","type":"page","link":"https:\/\/ra-zimmermann.info\/?page_id=19","title":{"rendered":"<a name=\"rechtsgebiete\">Rechtsgebiete<\/a>"},"content":{"rendered":"\n<p>Die Kanzleit\u00e4tigkeit ist \u00fcberwiegend zivilrechtlich ausgerichtet, wobei ich mich grunds\u00e4tzlich als Ansprechpartner f\u00fcr alle juristischen Probleme verstehe. Zum Mandantenkreis geh\u00f6ren dabei sowohl kleine und mittelst\u00e4ndische Unternehmen, wie auch Selbst\u00e4ndige und Privatpersonen. Hier soll daher nur ein kurzer \u00dcberblick \u00fcber das Leistungsangebot gegeben werden.<\/p>\n\n\n\n<p><mark style=\"background-color:rgba(0, 0, 0, 0)\" class=\"has-inline-color has-vivid-green-cyan-color\">F\u00fcr Unternehmer und Selbst\u00e4ndige u.a. im<\/mark><\/p>\n\n\n\n<ul>\n<li>Land- und Forstwirtschaftsrecht<\/li>\n\n\n\n<li>Mietrecht \/ Pachtrecht<\/li>\n\n\n\n<li>Handels- und Gesellschaftsrecht<\/li>\n\n\n\n<li>Arbeitsrecht<\/li>\n<\/ul>\n\n\n\n<p><mark style=\"background-color:rgba(0, 0, 0, 0)\" class=\"has-inline-color has-vivid-green-cyan-color\">F\u00fcr Privatpersonen und Verbraucher u.a. im<\/mark><\/p>\n\n\n\n<ul>\n<li>verkehrsrechtliche Angelegenheiten nebst Straf- und Ordnungswidrigkeitenrecht<\/li>\n\n\n\n<li>Arbeitsrecht<\/li>\n\n\n\n<li>Mietrecht f\u00fcr Vermieter und Mieter<\/li>\n\n\n\n<li>Familienrecht<\/li>\n\n\n\n<li>Jagd- und Waffenrecht<\/li>\n<\/ul>\n\n\n\n<p><\/p>\n","protected":false},"excerpt":{"rendered":"<p>Die Kanzleit\u00e4tigkeit ist \u00fcberwiegend zivilrechtlich ausgerichtet, wobei ich mich grunds\u00e4tzlich als Ansprechpartner f\u00fcr alle juristischen Probleme verstehe. Zum Mandantenkreis geh\u00f6ren dabei sowohl kleine und mittelst\u00e4ndische Unternehmen, wie auch Selbst\u00e4ndige und Privatpersonen. Hier soll daher nur ein kurzer \u00dcberblick \u00fcber das Leistungsangebot gegeben werden. F\u00fcr Unternehmer und Selbst\u00e4ndige u.a. im F\u00fcr Privatpersonen und Verbraucher u.a. im<\/p>\n","protected":false},"author":1,"featured_media":137,"parent":2,"menu_order":0,"comment_status":"closed","ping_status":"closed","template":"","meta":{"footnotes":""},"_links":{"self":[{"href":"https:\/\/ra-zimmermann.info\/index.php?rest_route=\/wp\/v2\/pages\/19"}],"collection":[{"href":"https:\/\/ra-zimmermann.info\/index.php?rest_route=\/wp\/v2\/pages"}],"about":[{"href":"https:\/\/ra-zimmermann.info\/index.php?rest_route=\/wp\/v2\/types\/page"}],"author":[{"embeddable":true,"href":"https:\/\/ra-zimmermann.info\/index.php?rest_route=\/wp\/v2\/users\/1"}],"replies":[{"embeddable":true,"href":"https:\/\/ra-zimmermann.info\/index.php?rest_route=%2Fwp%2Fv2%2Fcomments&post=19"}],"version-history":[{"count":28,"href":"https:\/\/ra-zimmermann.info\/index.php?rest_route=\/wp\/v2\/pages\/19\/revisions"}],"predecessor-version":[{"id":319,"href":"https:\/\/ra-zimmermann.info\/index.php?rest_route=\/wp\/v2\/pages\/19\/revisions\/319"}],"up":[{"embeddable":true,"href":"https:\/\/ra-zimmermann.info\/index.php?rest_route=\/wp\/v2\/pages\/2"}],"wp:featuredmedia":[{"embeddable":true,"href":"https:\/\/ra-zimmermann.info\/index.php?rest_route=\/wp\/v2\/media\/137"}],"wp:attachment":[{"href":"https:\/\/ra-zimmermann.info\/index.php?rest_route=%2Fwp%2Fv2%2Fmedia&parent=19"}],"curies":[{"name":"wp","href":"https:\/\/api.w.org\/{rel}","templated":true}]}}